{"id":138,"date":"2019-10-20T19:21:46","date_gmt":"2019-10-20T17:21:46","guid":{"rendered":"http:\/\/somyclim.fr\/?page_id=138"},"modified":"2020-01-27T13:55:20","modified_gmt":"2020-01-27T12:55:20","slug":"accueil","status":"publish","type":"page","link":"https:\/\/somyclim.fr\/","title":{"rendered":"La climatisation n&rsquo;est plus un luxe"},"content":{"rendered":"\n<ul><li>Climatisation<\/li><li>Ventilation<\/li><li>Plomberie<\/li><\/ul>\n\n\n\n<p>Notre exp\u00e9rience de 20 ans dans le domaine de la climatisation mise \u00e0 votre disposition. Nous sommes disponibles pour une prise de rendez-vous et l&rsquo;\u00e9tablissement d&rsquo;un devis gratuit.<\/p>\n\n\n\n<p>La soci\u00e9t\u00e9 Somyclim r\u00e9pond dans les plus brefs d\u00e9lais.<\/p>\n\n\n\n<p>Nous pouvons nous occuper de vos travaux de plomberie.<\/p>\n\n\n\n<p>Vous avez besoin de ventilation, nous savons faire aussi !<\/p>\n\n\n\n<div class=\"wp-block-button\"><a class=\"wp-block-button__link has-background\" href=\"http:\/\/somyclim.fr\/?page_id=114\" style=\"background-color:#19309a\">Contactez nous !<\/a><\/div>\n","protected":false},"excerpt":{"rendered":"<p>Climatisation Ventilation Plomberie Notre exp\u00e9rience de 20 ans dans le domaine de la climatisation mise \u00e0 votre disposition. Nous sommes disponibles pour une prise de rendez-vous et l&rsquo;\u00e9tablissement d&rsquo;un devis gratuit. La soci\u00e9t\u00e9 Somyclim r\u00e9pond dans les plus brefs d\u00e9lais. Nous pouvons nous occuper de vos travaux de plomberie. Vous avez besoin de ventilation, nous [&hellip;]<\/p>\n","protected":false},"author":1,"featured_media":0,"parent":0,"menu_order":0,"comment_status":"closed","ping_status":"closed","template":"page-templates\/page_fullwidth.php","meta":[],"_links":{"self":[{"href":"https:\/\/somyclim.fr\/index.php?rest_route=\/wp\/v2\/pages\/138"}],"collection":[{"href":"https:\/\/somyclim.fr\/index.php?rest_route=\/wp\/v2\/pages"}],"about":[{"href":"https:\/\/somyclim.fr\/index.php?rest_route=\/wp\/v2\/types\/page"}],"author":[{"embeddable":true,"href":"https:\/\/somyclim.fr\/index.php?rest_route=\/wp\/v2\/users\/1"}],"replies":[{"embeddable":true,"href":"https:\/\/somyclim.fr\/index.php?rest_route=%2Fwp%2Fv2%2Fcomments&post=138"}],"version-history":[{"count":45,"href":"https:\/\/somyclim.fr\/index.php?rest_route=\/wp\/v2\/pages\/138\/revisions"}],"predecessor-version":[{"id":331,"href":"https:\/\/somyclim.fr\/index.php?rest_route=\/wp\/v2\/pages\/138\/revisions\/331"}],"wp:attachment":[{"href":"https:\/\/somyclim.fr\/index.php?rest_route=%2Fwp%2Fv2%2Fmedia&parent=138"}],"curies":[{"name":"wp","href":"https:\/\/api.w.org\/{rel}","templated":true}]}}