{"id":143,"date":"2019-10-20T19:22:26","date_gmt":"2019-10-20T17:22:26","guid":{"rendered":"http:\/\/somyclim.fr\/?page_id=143"},"modified":"2020-01-27T13:50:17","modified_gmt":"2020-01-27T12:50:17","slug":"qui-sommes-nous","status":"publish","type":"page","link":"https:\/\/somyclim.fr\/?page_id=143","title":{"rendered":"Ce que nous proposons"},"content":{"rendered":"\n<div class=\"wp-block-media-text alignwide\"><figure class=\"wp-block-media-text__media\"><img loading=\"lazy\" width=\"1024\" height=\"683\" src=\"http:\/\/somyclim.fr\/wp-content\/uploads\/2019\/10\/bureau-2-1024x683.jpg\" alt=\"\" class=\"wp-image-249\" srcset=\"https:\/\/somyclim.fr\/wp-content\/uploads\/2019\/10\/bureau-2-1024x683.jpg 1024w, https:\/\/somyclim.fr\/wp-content\/uploads\/2019\/10\/bureau-2-300x200.jpg 300w, https:\/\/somyclim.fr\/wp-content\/uploads\/2019\/10\/bureau-2-768x512.jpg 768w, https:\/\/somyclim.fr\/wp-content\/uploads\/2019\/10\/bureau-2-830x553.jpg 830w, https:\/\/somyclim.fr\/wp-content\/uploads\/2019\/10\/bureau-2-230x153.jpg 230w, https:\/\/somyclim.fr\/wp-content\/uploads\/2019\/10\/bureau-2-350x233.jpg 350w, https:\/\/somyclim.fr\/wp-content\/uploads\/2019\/10\/bureau-2-480x320.jpg 480w, https:\/\/somyclim.fr\/wp-content\/uploads\/2019\/10\/bureau-2.jpg 2048w\" sizes=\"(max-width: 1024px) 100vw, 1024px\" \/><\/figure><div class=\"wp-block-media-text__content\">\n<p class=\"has-medium-font-size\">\u00c9tudier une offre adapt\u00e9e \u00e0 vos besoins pour la climatisation et chauffage. <\/p>\n\n\n\n<p class=\"has-medium-font-size\">\u00catre \u00e0 votre \u00e9coute et vous conseiller. <\/p>\n<\/div><\/div>\n\n\n\n<div class=\"wp-block-media-text alignwide has-media-on-the-right\"><figure class=\"wp-block-media-text__media\"><img loading=\"lazy\" width=\"612\" height=\"360\" src=\"http:\/\/somyclim.fr\/wp-content\/uploads\/2019\/10\/ac-unit-ductless-unity-free-to-play-companion-missions-carrier-units-dubai.jpg\" alt=\"\" class=\"wp-image-252\" srcset=\"https:\/\/somyclim.fr\/wp-content\/uploads\/2019\/10\/ac-unit-ductless-unity-free-to-play-companion-missions-carrier-units-dubai.jpg 612w, https:\/\/somyclim.fr\/wp-content\/uploads\/2019\/10\/ac-unit-ductless-unity-free-to-play-companion-missions-carrier-units-dubai-300x176.jpg 300w, https:\/\/somyclim.fr\/wp-content\/uploads\/2019\/10\/ac-unit-ductless-unity-free-to-play-companion-missions-carrier-units-dubai-230x135.jpg 230w, https:\/\/somyclim.fr\/wp-content\/uploads\/2019\/10\/ac-unit-ductless-unity-free-to-play-companion-missions-carrier-units-dubai-350x206.jpg 350w, https:\/\/somyclim.fr\/wp-content\/uploads\/2019\/10\/ac-unit-ductless-unity-free-to-play-companion-missions-carrier-units-dubai-480x282.jpg 480w\" sizes=\"(max-width: 612px) 100vw, 612px\" \/><\/figure><div class=\"wp-block-media-text__content\">\n<p class=\"has-medium-font-size\">Faire le choix ensemble du meilleur \u00e9quipement.<\/p>\n\n\n\n<p class=\"has-medium-font-size\">D\u00e9finir un  budget.<\/p>\n<\/div><\/div>\n\n\n\n<div class=\"wp-block-media-text alignwide\"><figure class=\"wp-block-media-text__media\"><img loading=\"lazy\" width=\"1024\" height=\"683\" src=\"http:\/\/somyclim.fr\/wp-content\/uploads\/2019\/10\/controlling-office-room-temperature-with-air-conditioning-remote-control_free_stock_photos_picjumbo_DSC09294-2210x1473-1024x683.jpg\" alt=\"\" class=\"wp-image-253\" srcset=\"https:\/\/somyclim.fr\/wp-content\/uploads\/2019\/10\/controlling-office-room-temperature-with-air-conditioning-remote-control_free_stock_photos_picjumbo_DSC09294-2210x1473-1024x683.jpg 1024w, https:\/\/somyclim.fr\/wp-content\/uploads\/2019\/10\/controlling-office-room-temperature-with-air-conditioning-remote-control_free_stock_photos_picjumbo_DSC09294-2210x1473-300x200.jpg 300w, https:\/\/somyclim.fr\/wp-content\/uploads\/2019\/10\/controlling-office-room-temperature-with-air-conditioning-remote-control_free_stock_photos_picjumbo_DSC09294-2210x1473-768x512.jpg 768w, https:\/\/somyclim.fr\/wp-content\/uploads\/2019\/10\/controlling-office-room-temperature-with-air-conditioning-remote-control_free_stock_photos_picjumbo_DSC09294-2210x1473-830x553.jpg 830w, https:\/\/somyclim.fr\/wp-content\/uploads\/2019\/10\/controlling-office-room-temperature-with-air-conditioning-remote-control_free_stock_photos_picjumbo_DSC09294-2210x1473-230x153.jpg 230w, https:\/\/somyclim.fr\/wp-content\/uploads\/2019\/10\/controlling-office-room-temperature-with-air-conditioning-remote-control_free_stock_photos_picjumbo_DSC09294-2210x1473-350x233.jpg 350w, https:\/\/somyclim.fr\/wp-content\/uploads\/2019\/10\/controlling-office-room-temperature-with-air-conditioning-remote-control_free_stock_photos_picjumbo_DSC09294-2210x1473-480x320.jpg 480w\" sizes=\"(max-width: 1024px) 100vw, 1024px\" \/><\/figure><div class=\"wp-block-media-text__content\">\n<p class=\"has-medium-font-size\">Contrat d\u2019entretien &#8211; maintenance<\/p>\n\n\n\n<p class=\"has-medium-font-size\">Nous pouvons mettre en place un suivi qui permettra le contr\u00f4le fr\u00e9quent de vos \u00e9quipements.<\/p>\n<\/div><\/div>\n\n\n\n<p><\/p>\n\n\n\n<p class=\"has-text-align-center has-large-font-size\"><strong>Nos chantiers<\/strong><\/p>\n\n\n\n<p><strong><em>Pose d&rsquo;un plancher chauffant<\/em> :<\/strong><\/p>\n\n\n\n\n\t\t<!-- MasterSlider -->\n\t\t<div id=\"P_MS69e8813890d3c\" class=\"master-slider-parent msl ms-parent-id-2\" style=\"max-width:800px;\"  >\n\n\t\t\t\n\t\t\t<!-- MasterSlider Main -->\n\t\t\t<div id=\"MS69e8813890d3c\" class=\"master-slider ms-skin-default\" >\n\t\t\t\t \t\t\t\t \n\t\t\t\t<div  class=\"ms-slide\" data-delay=\"3\" data-fill-mode=\"fill\"  >\n\t\t\t\t\t<img src=\"https:\/\/somyclim.fr\/wp-content\/plugins\/master-slider\/public\/assets\/css\/blank.gif\" alt=\"\" title=\"\" data-src=\"https:\/\/somyclim.fr\/wp-content\/uploads\/2019\/11\/IMG-20191106-WA0006.jpg\" \/>\n\n\n\t<img class=\"ms-thumb\" src=\"https:\/\/somyclim.fr\/wp-content\/uploads\/2019\/11\/IMG-20191106-WA0006-140x80.jpg\" alt=\"\" \/>\n\t<div class=\"ms-thumb\" ><div class=\"ms-tab-context\"><div class=&quot;ms-tab-context&quot;><\/div><\/div>\n<\/div>\n\t\t\t\t<\/div>\n\t\t\t\t<div  class=\"ms-slide\" data-delay=\"3\" data-fill-mode=\"fill\"  >\n\t\t\t\t\t<img src=\"https:\/\/somyclim.fr\/wp-content\/plugins\/master-slider\/public\/assets\/css\/blank.gif\" alt=\"\" title=\"\" data-src=\"https:\/\/somyclim.fr\/wp-content\/uploads\/2019\/11\/IMG-20191106-WA0008.jpg\" \/>\n\n\n\t<img class=\"ms-thumb\" src=\"https:\/\/somyclim.fr\/wp-content\/uploads\/2019\/11\/IMG-20191106-WA0008-140x80.jpg\" alt=\"\" \/>\n\t<div class=\"ms-thumb\" ><div class=\"ms-tab-context\"><div class=&quot;ms-tab-context&quot;><\/div><\/div>\n<\/div>\n\t\t\t\t<\/div>\n\t\t\t\t<div  class=\"ms-slide\" data-delay=\"3\" data-fill-mode=\"fill\"  >\n\t\t\t\t\t<img src=\"https:\/\/somyclim.fr\/wp-content\/plugins\/master-slider\/public\/assets\/css\/blank.gif\" alt=\"\" title=\"\" data-src=\"https:\/\/somyclim.fr\/wp-content\/uploads\/2019\/11\/IMG-20191106-WA0010.jpg\" \/>\n\n\n\t<img class=\"ms-thumb\" src=\"https:\/\/somyclim.fr\/wp-content\/uploads\/2019\/11\/IMG-20191106-WA0010-140x80.jpg\" alt=\"\" \/>\n\t<div class=\"ms-thumb\" ><div class=\"ms-tab-context\"><div class=&quot;ms-tab-context&quot;><\/div><\/div>\n<\/div>\n\t\t\t\t<\/div>\n\t\t\t\t<div  class=\"ms-slide\" data-delay=\"3\" data-fill-mode=\"fill\"  >\n\t\t\t\t\t<img src=\"https:\/\/somyclim.fr\/wp-content\/plugins\/master-slider\/public\/assets\/css\/blank.gif\" alt=\"\" title=\"\" data-src=\"https:\/\/somyclim.fr\/wp-content\/uploads\/2019\/11\/IMG-20191106-WA0016.jpg\" \/>\n\n\n\t<img class=\"ms-thumb\" src=\"https:\/\/somyclim.fr\/wp-content\/uploads\/2019\/11\/IMG-20191106-WA0016-140x80.jpg\" alt=\"\" \/>\n\t<div class=\"ms-thumb\" ><div class=\"ms-tab-context\"><div class=&quot;ms-tab-context&quot;><\/div><\/div>\n<\/div>\n\t\t\t\t<\/div>\n\t\t\t\t<div  class=\"ms-slide\" data-delay=\"3\" data-fill-mode=\"fill\"  >\n\t\t\t\t\t<img src=\"https:\/\/somyclim.fr\/wp-content\/plugins\/master-slider\/public\/assets\/css\/blank.gif\" alt=\"\" title=\"\" data-src=\"https:\/\/somyclim.fr\/wp-content\/uploads\/2019\/11\/IMG-20191106-WA0027.jpg\" \/>\n\n\n\t<img class=\"ms-thumb\" src=\"https:\/\/somyclim.fr\/wp-content\/uploads\/2019\/11\/IMG-20191106-WA0027-140x80.jpg\" alt=\"\" \/>\n\t<div class=\"ms-thumb\" ><div class=\"ms-tab-context\"><div class=&quot;ms-tab-context&quot;><\/div><\/div>\n<\/div>\n\t\t\t\t<\/div>\n\t\t\t\t<div  class=\"ms-slide\" data-delay=\"3\" data-fill-mode=\"fill\"  >\n\t\t\t\t\t<img src=\"https:\/\/somyclim.fr\/wp-content\/plugins\/master-slider\/public\/assets\/css\/blank.gif\" alt=\"\" title=\"\" data-src=\"https:\/\/somyclim.fr\/wp-content\/uploads\/2019\/11\/IMG-20191106-WA0032.jpg\" \/>\n\n\n\t<img class=\"ms-thumb\" src=\"https:\/\/somyclim.fr\/wp-content\/uploads\/2019\/11\/IMG-20191106-WA0032-140x80.jpg\" alt=\"\" \/>\n\t<div class=\"ms-thumb\" ><div class=\"ms-tab-context\"><div class=&quot;ms-tab-context&quot;><\/div><\/div>\n<\/div>\n\t\t\t\t<\/div>\n\t\t\t\t<div  class=\"ms-slide\" data-delay=\"3\" data-fill-mode=\"fill\"  >\n\t\t\t\t\t<img src=\"https:\/\/somyclim.fr\/wp-content\/plugins\/master-slider\/public\/assets\/css\/blank.gif\" alt=\"\" title=\"\" data-src=\"https:\/\/somyclim.fr\/wp-content\/uploads\/2019\/11\/IMG-20191106-WA0026.jpg\" \/>\n\n\n\t<img class=\"ms-thumb\" src=\"https:\/\/somyclim.fr\/wp-content\/uploads\/2019\/11\/IMG-20191106-WA0026-140x80.jpg\" alt=\"\" \/>\n\t<div class=\"ms-thumb\" ><div class=\"ms-tab-context\"><div class=&quot;ms-tab-context&quot;><\/div><\/div>\n<\/div>\n\t\t\t\t<\/div>\n\n\t\t\t<\/div>\n\t\t\t<!-- END MasterSlider Main -->\n\n\t\t\t \n\t\t<\/div>\n\t\t<!-- END MasterSlider -->\n\n\t\t<script>\n\t\t(function ( $ ) {\n\t\t\t\"use strict\";\n\n\t\t\t$(function () {\n\t\t\t\tvar masterslider_0d3c = new MasterSlider();\n\n\t\t\t\t\/\/ slider controls\n\t\t\t\tmasterslider_0d3c.control('arrows'     ,{ autohide:false, overVideo:true  });\t\t\t\tmasterslider_0d3c.control('bullets'    ,{ autohide:false, overVideo:true, dir:'h', align:'bottom' , margin:10  });\n\n\t\t\t\tmasterslider_0d3c.control('thumblist'  ,{ autohide:false, overVideo:true, dir:'h', speed:17, inset:false, arrows:false, hover:false, customClass:'', align:'bottom',type:'thumbs', margin:5, width:140, height:80, space:5, fillMode:'fill'  });\n\t\t\t\t\/\/ slider setup\n\t\t\t\tmasterslider_0d3c.setup(\"MS69e8813890d3c\", {\n\t\t\t\t\t\twidth           : 800,\n\t\t\t\t\t\theight          : 480,\n\t\t\t\t\t\tminHeight       : 0,\n\t\t\t\t\t\tspace           : 0,\n\t\t\t\t\t\tstart           : 1,\n\t\t\t\t\t\tgrabCursor      : true,\n\t\t\t\t\t\tswipe           : true,\n\t\t\t\t\t\tmouse           : true,\n\t\t\t\t\t\tlayout          : \"boxed\",\n\t\t\t\t\t\twheel           : false,\n\t\t\t\t\t\tautoplay        : false,\n\t\t\t\t\t\tinstantStartLayers:false,\n\t\t\t\t\t\tloop            : false,\n\t\t\t\t\t\tshuffle         : false,\n\t\t\t\t\t\tpreload         : 0,\n\t\t\t\t\t\theightLimit     : true,\n\t\t\t\t\t\tautoHeight      : false,\n\t\t\t\t\t\tsmoothHeight    : true,\n\t\t\t\t\t\tendPause        : false,\n\t\t\t\t\t\toverPause       : true,\n\t\t\t\t\t\tfillMode        : \"fill\",\n\t\t\t\t\t\tcenterControls  : true,\n\t\t\t\t\t\tstartOnAppear   : false,\n\t\t\t\t\t\tlayersMode      : \"center\",\n\t\t\t\t\t\thideLayers      : false,\n\t\t\t\t\t\tfullscreenMargin: 0,\n\t\t\t\t\t\tspeed           : 20,\n\t\t\t\t\t\tdir             : \"h\",\n\t\t\t\t\t\tparallaxMode    : 'swipe',\n\t\t\t\t\t\tview            : \"basic\"\n\t\t\t\t});\n\n\t\t\t\t\n\t\t\t\twindow.masterslider_instances = window.masterslider_instances || [];\n\t\t\t\twindow.masterslider_instances.push( masterslider_0d3c );\n\t\t\t });\n\n\t\t})(jQuery);\n\t\t<\/script>\n\n\n\n\n\n<p><em><strong>Installation extracteur d&rsquo;air :<\/strong><\/em><\/p>\n\n\n\n\n\t\t<!-- MasterSlider -->\n\t\t<div id=\"P_MS69e8813892025\" class=\"master-slider-parent msl ms-parent-id-3\" style=\"max-width:800px;\"  >\n\n\t\t\t\n\t\t\t<!-- MasterSlider Main -->\n\t\t\t<div id=\"MS69e8813892025\" class=\"master-slider ms-skin-default\" >\n\t\t\t\t \t\t\t\t \n\t\t\t\t<div  class=\"ms-slide\" data-delay=\"3\" data-fill-mode=\"fill\"  >\n\t\t\t\t\t<img src=\"https:\/\/somyclim.fr\/wp-content\/plugins\/master-slider\/public\/assets\/css\/blank.gif\" alt=\"\" title=\"\" data-src=\"https:\/\/somyclim.fr\/wp-content\/uploads\/2020\/01\/20200127_130742.jpg\" \/>\n\n\n\t<img class=\"ms-thumb\" src=\"https:\/\/somyclim.fr\/wp-content\/uploads\/2020\/01\/20200127_130742-140x80.jpg\" alt=\"\" \/>\n\t<div class=\"ms-thumb\" ><div class=\"ms-tab-context\"><div class=&quot;ms-tab-context&quot;><\/div><\/div>\n<\/div>\n\t\t\t\t<\/div>\n\t\t\t\t<div  class=\"ms-slide\" data-delay=\"3\" data-fill-mode=\"fill\"  >\n\t\t\t\t\t<img src=\"https:\/\/somyclim.fr\/wp-content\/plugins\/master-slider\/public\/assets\/css\/blank.gif\" alt=\"\" title=\"\" data-src=\"https:\/\/somyclim.fr\/wp-content\/uploads\/2020\/01\/20200127_130815.jpg\" \/>\n\n\n\t<img class=\"ms-thumb\" src=\"https:\/\/somyclim.fr\/wp-content\/uploads\/2020\/01\/20200127_130815-140x80.jpg\" alt=\"\" \/>\n\t<div class=\"ms-thumb\" ><div class=\"ms-tab-context\"><div class=&quot;ms-tab-context&quot;><\/div><\/div>\n<\/div>\n\t\t\t\t<\/div>\n\t\t\t\t<div  class=\"ms-slide\" data-delay=\"3\" data-fill-mode=\"fill\"  >\n\t\t\t\t\t<img src=\"https:\/\/somyclim.fr\/wp-content\/plugins\/master-slider\/public\/assets\/css\/blank.gif\" alt=\"\" title=\"\" data-src=\"https:\/\/somyclim.fr\/wp-content\/uploads\/2020\/01\/20200127_130826.jpg\" \/>\n\n\n\t<img class=\"ms-thumb\" src=\"https:\/\/somyclim.fr\/wp-content\/uploads\/2020\/01\/20200127_130826-140x80.jpg\" alt=\"\" \/>\n\t<div class=\"ms-thumb\" ><div class=\"ms-tab-context\"><div class=&quot;ms-tab-context&quot;><\/div><\/div>\n<\/div>\n\t\t\t\t<\/div>\n\t\t\t\t<div  class=\"ms-slide\" data-delay=\"3\" data-fill-mode=\"fill\"  >\n\t\t\t\t\t<img src=\"https:\/\/somyclim.fr\/wp-content\/plugins\/master-slider\/public\/assets\/css\/blank.gif\" alt=\"\" title=\"\" data-src=\"https:\/\/somyclim.fr\/wp-content\/uploads\/2020\/01\/20200127_130829.jpg\" \/>\n\n\n\t<img class=\"ms-thumb\" src=\"https:\/\/somyclim.fr\/wp-content\/uploads\/2020\/01\/20200127_130829-140x80.jpg\" alt=\"\" \/>\n\t<div class=\"ms-thumb\" ><div class=\"ms-tab-context\"><div class=&quot;ms-tab-context&quot;><\/div><\/div>\n<\/div>\n\t\t\t\t<\/div>\n\t\t\t\t<div  class=\"ms-slide\" data-delay=\"3\" data-fill-mode=\"fill\"  >\n\t\t\t\t\t<img src=\"https:\/\/somyclim.fr\/wp-content\/plugins\/master-slider\/public\/assets\/css\/blank.gif\" alt=\"\" title=\"\" data-src=\"https:\/\/somyclim.fr\/wp-content\/uploads\/2020\/01\/20200127_130516.jpg\" \/>\n\n\n\t<img class=\"ms-thumb\" src=\"https:\/\/somyclim.fr\/wp-content\/uploads\/2020\/01\/20200127_130516-140x80.jpg\" alt=\"\" \/>\n\t<div class=\"ms-thumb\" ><div class=\"ms-tab-context\"><div class=&quot;ms-tab-context&quot;><\/div><\/div>\n<\/div>\n\t\t\t\t<\/div>\n\n\t\t\t<\/div>\n\t\t\t<!-- END MasterSlider Main -->\n\n\t\t\t \n\t\t<\/div>\n\t\t<!-- END MasterSlider -->\n\n\t\t<script>\n\t\t(function ( $ ) {\n\t\t\t\"use strict\";\n\n\t\t\t$(function () {\n\t\t\t\tvar masterslider_2025 = new MasterSlider();\n\n\t\t\t\t\/\/ slider controls\n\t\t\t\tmasterslider_2025.control('arrows'     ,{ autohide:false, overVideo:true  });\t\t\t\tmasterslider_2025.control('bullets'    ,{ autohide:false, overVideo:true, dir:'h', align:'bottom' , margin:10  });\n\n\t\t\t\tmasterslider_2025.control('thumblist'  ,{ autohide:false, overVideo:true, dir:'h', speed:17, inset:false, arrows:false, hover:false, customClass:'', align:'bottom',type:'thumbs', margin:5, width:140, height:80, space:5, fillMode:'fill'  });\n\t\t\t\t\/\/ slider setup\n\t\t\t\tmasterslider_2025.setup(\"MS69e8813892025\", {\n\t\t\t\t\t\twidth           : 800,\n\t\t\t\t\t\theight          : 480,\n\t\t\t\t\t\tminHeight       : 0,\n\t\t\t\t\t\tspace           : 0,\n\t\t\t\t\t\tstart           : 1,\n\t\t\t\t\t\tgrabCursor      : true,\n\t\t\t\t\t\tswipe           : true,\n\t\t\t\t\t\tmouse           : true,\n\t\t\t\t\t\tlayout          : \"boxed\",\n\t\t\t\t\t\twheel           : false,\n\t\t\t\t\t\tautoplay        : false,\n\t\t\t\t\t\tinstantStartLayers:false,\n\t\t\t\t\t\tloop            : false,\n\t\t\t\t\t\tshuffle         : false,\n\t\t\t\t\t\tpreload         : 0,\n\t\t\t\t\t\theightLimit     : true,\n\t\t\t\t\t\tautoHeight      : false,\n\t\t\t\t\t\tsmoothHeight    : true,\n\t\t\t\t\t\tendPause        : false,\n\t\t\t\t\t\toverPause       : true,\n\t\t\t\t\t\tfillMode        : \"fill\",\n\t\t\t\t\t\tcenterControls  : true,\n\t\t\t\t\t\tstartOnAppear   : false,\n\t\t\t\t\t\tlayersMode      : \"center\",\n\t\t\t\t\t\thideLayers      : false,\n\t\t\t\t\t\tfullscreenMargin: 0,\n\t\t\t\t\t\tspeed           : 20,\n\t\t\t\t\t\tdir             : \"h\",\n\t\t\t\t\t\tparallaxMode    : 'swipe',\n\t\t\t\t\t\tview            : \"basic\"\n\t\t\t\t});\n\n\t\t\t\t\n\t\t\t\twindow.masterslider_instances = window.masterslider_instances || [];\n\t\t\t\twindow.masterslider_instances.push( masterslider_2025 );\n\t\t\t });\n\n\t\t})(jQuery);\n\t\t<\/script>\n\n\n","protected":false},"excerpt":{"rendered":"<p>\u00c9tudier une offre adapt\u00e9e \u00e0 vos besoins pour la climatisation et chauffage. \u00catre \u00e0 votre \u00e9coute et vous conseiller. Faire le choix ensemble du meilleur \u00e9quipement. D\u00e9finir un budget. Contrat d\u2019entretien &#8211; maintenance Nous pouvons mettre en place un suivi qui permettra le contr\u00f4le fr\u00e9quent de vos \u00e9quipements. Nos chantiers Pose d&rsquo;un plancher chauffant : [&hellip;]<\/p>\n","protected":false},"author":1,"featured_media":0,"parent":0,"menu_order":0,"comment_status":"closed","ping_status":"closed","template":"page-templates\/page_fullwidth.php","meta":[],"_links":{"self":[{"href":"https:\/\/somyclim.fr\/index.php?rest_route=\/wp\/v2\/pages\/143"}],"collection":[{"href":"https:\/\/somyclim.fr\/index.php?rest_route=\/wp\/v2\/pages"}],"about":[{"href":"https:\/\/somyclim.fr\/index.php?rest_route=\/wp\/v2\/types\/page"}],"author":[{"embeddable":true,"href":"https:\/\/somyclim.fr\/index.php?rest_route=\/wp\/v2\/users\/1"}],"replies":[{"embeddable":true,"href":"https:\/\/somyclim.fr\/index.php?rest_route=%2Fwp%2Fv2%2Fcomments&post=143"}],"version-history":[{"count":23,"href":"https:\/\/somyclim.fr\/index.php?rest_route=\/wp\/v2\/pages\/143\/revisions"}],"predecessor-version":[{"id":329,"href":"https:\/\/somyclim.fr\/index.php?rest_route=\/wp\/v2\/pages\/143\/revisions\/329"}],"wp:attachment":[{"href":"https:\/\/somyclim.fr\/index.php?rest_route=%2Fwp%2Fv2%2Fmedia&parent=143"}],"curies":[{"name":"wp","href":"https:\/\/api.w.org\/{rel}","templated":true}]}}